{"id":82,"date":"2021-07-18T08:36:22","date_gmt":"2021-07-18T06:36:22","guid":{"rendered":"http:\/\/g-a-grangesbasket.fr\/?page_id=82"},"modified":"2024-06-29T11:26:06","modified_gmt":"2024-06-29T09:26:06","slug":"bienvenue-sur-le-site-du-g-a-granges-basket","status":"publish","type":"page","link":"https:\/\/g-a-grangesbasket.fr\/","title":{"rendered":"Accueil"},"content":{"rendered":"\n<p class=\"has-large-font-size\">Bienvenue sur le site du G.A.Granges Basket.<\/p>\n\n\n\n<p class=\"has-medium-font-size\">Vous trouverez sur site quelques informations des manifestations que nous organisons, quelques photos des pr\u00e9c\u00e9dentes \u00e9galement.<\/p>\n\n\n\n<p class=\"has-medium-font-size\">Pour nous suivre durant la saison, veuillez vous abonner \u00e0 notre compte Facebook ou Instagram.<\/p>\n\n\n\n<figure class=\"wp-block-image size-full is-style-rounded\"><img loading=\"lazy\" decoding=\"async\" width=\"960\" height=\"720\" src=\"http:\/\/g-a-grangesbasket.fr\/wp-content\/uploads\/2021\/07\/tournoi.jpg\" alt=\"\" class=\"wp-image-83\" style=\"aspect-ratio:4\/3;object-fit:contain\" srcset=\"https:\/\/g-a-grangesbasket.fr\/wp-content\/uploads\/2021\/07\/tournoi.jpg 960w, https:\/\/g-a-grangesbasket.fr\/wp-content\/uploads\/2021\/07\/tournoi-300x225.jpg 300w, https:\/\/g-a-grangesbasket.fr\/wp-content\/uploads\/2021\/07\/tournoi-768x576.jpg 768w\" sizes=\"(max-width: 960px) 100vw, 960px\" \/><\/figure>\n","protected":false},"excerpt":{"rendered":"<p>Bienvenue sur le site du G.A.Granges Basket. Vous trouverez sur site quelques informations des manifestations que nous organisons, quelques photos des pr\u00e9c\u00e9dentes \u00e9galement. Pour nous suivre durant la saison, veuillez vous abonner \u00e0 notre compte Facebook ou Instagram.<\/p>\n","protected":false},"author":1,"featured_media":0,"parent":0,"menu_order":0,"comment_status":"closed","ping_status":"closed","template":"","meta":{"footnotes":""},"jetpack_sharing_enabled":true,"_links":{"self":[{"href":"https:\/\/g-a-grangesbasket.fr\/index.php?rest_route=\/wp\/v2\/pages\/82"}],"collection":[{"href":"https:\/\/g-a-grangesbasket.fr\/index.php?rest_route=\/wp\/v2\/pages"}],"about":[{"href":"https:\/\/g-a-grangesbasket.fr\/index.php?rest_route=\/wp\/v2\/types\/page"}],"author":[{"embeddable":true,"href":"https:\/\/g-a-grangesbasket.fr\/index.php?rest_route=\/wp\/v2\/users\/1"}],"replies":[{"embeddable":true,"href":"https:\/\/g-a-grangesbasket.fr\/index.php?rest_route=%2Fwp%2Fv2%2Fcomments&post=82"}],"version-history":[{"count":6,"href":"https:\/\/g-a-grangesbasket.fr\/index.php?rest_route=\/wp\/v2\/pages\/82\/revisions"}],"predecessor-version":[{"id":200,"href":"https:\/\/g-a-grangesbasket.fr\/index.php?rest_route=\/wp\/v2\/pages\/82\/revisions\/200"}],"wp:attachment":[{"href":"https:\/\/g-a-grangesbasket.fr\/index.php?rest_route=%2Fwp%2Fv2%2Fmedia&parent=82"}],"curies":[{"name":"wp","href":"https:\/\/api.w.org\/{rel}","templated":true}]}}